{"id":3514,"date":"2023-03-20T21:31:54","date_gmt":"2023-03-20T20:31:54","guid":{"rendered":"https:\/\/www.lapoiesa.it\/?page_id=3514"},"modified":"2023-04-18T16:50:38","modified_gmt":"2023-04-18T14:50:38","slug":"la-cantina","status":"publish","type":"page","link":"https:\/\/www.lapoiesa.it\/en\/la-cantina\/","title":{"rendered":"Cellar"},"content":{"rendered":"<div data-vc-full-width=\"true\" data-vc-full-width-init=\"false\" data-vc-stretch-content=\"true\" class=\"vc_row wpb_row vc_row-fluid vc_custom_1678884564661 vc_row-has-fill\" ><div class=\"wpb_column vc_column_container vc_col-sm-1\"><div class=\"vc_column-inner\"><div class=\"wpb_wrapper\"><\/div><\/div><\/div><div class=\"wpb_column vc_column_container vc_col-sm-4\"><div class=\"vc_column-inner\"><div class=\"wpb_wrapper\"><div class=\"vc_row wpb_row vc_inner vc_row-fluid\" ><div class=\"wpb_column vc_column_container vc_col-sm-12\"><div class=\"vc_column-inner\"><div class=\"wpb_wrapper\">\n\t<div  class=\"wpb_single_image wpb_content_element vc_align_left  wpb_animate_when_almost_visible wpb_fadeInLeft fadeInLeft\">\n\t\t\n\t\t<figure class=\"wpb_wrapper vc_figure\">\n\t\t\t<div class=\"vc_single_image-wrapper   vc_box_border_grey\"><img loading=\"lazy\" decoding=\"async\" class=\"vc_single_image-img\" src=\"https:\/\/www.lapoiesa.it\/wp-content\/uploads\/2023\/03\/28052022-DSCF2106-1000x1000.jpg\" width=\"1000\" height=\"1000\" alt=\"28052022-DSCF2106\" title=\"28052022-DSCF2106\" \/><\/div>\n\t\t<\/figure>\n\t<\/div>\n<\/div><\/div><\/div><\/div><\/div><\/div><\/div><div class=\"wpb_column vc_column_container vc_col-sm-2\"><div class=\"vc_column-inner\"><div class=\"wpb_wrapper\"><div class=\"vc_row wpb_row vc_inner vc_row-fluid\" ><div class=\"wpb_column vc_column_container vc_col-sm-12\"><div class=\"vc_column-inner\"><div class=\"wpb_wrapper\">\n\t<div  class=\"wpb_single_image wpb_content_element vc_align_left  wpb_animate_when_almost_visible wpb_fadeInRight fadeInRight\">\n\t\t\n\t\t<figure class=\"wpb_wrapper vc_figure\">\n\t\t\t<div class=\"vc_single_image-wrapper   vc_box_border_grey\"><img loading=\"lazy\" decoding=\"async\" class=\"vc_single_image-img\" src=\"https:\/\/www.lapoiesa.it\/wp-content\/uploads\/2023\/03\/IMG_20220621_154610-scaled-1000x1000.jpg\" width=\"1000\" height=\"1000\" alt=\"edf\" title=\"edf\" \/><\/div>\n\t\t<\/figure>\n\t<\/div>\n<div class=\"vc_empty_space\"   style=\"height: 30px\"><span class=\"vc_empty_space_inner\"><\/span><\/div>\n\t<div class=\"wpb_raw_code wpb_content_element wpb_raw_html\" >\n\t\t<div class=\"wpb_wrapper\">\n\t\t\t<div class=\"square fadeInDown\">\n  <div class=\"text\">\n    <span>Far s\u00ec che la propria passione diventi un mestiere e poi uno stile di vita. Nasce cos\u00ec la decisione di lasciare la citt\u00e0 e trasferirsi nel podere di famiglia.<\/span>\n  <\/div>\n<\/div>\n\n\t\t<\/div>\n\t<\/div>\n<\/div><\/div><\/div><\/div><\/div><\/div><\/div><div class=\"wpb_column vc_column_container vc_col-sm-2\"><div class=\"vc_column-inner\"><div class=\"wpb_wrapper\"><div class=\"vc_row wpb_row vc_inner vc_row-fluid\" ><div class=\"wpb_column vc_column_container vc_col-sm-12\"><div class=\"vc_column-inner\"><div class=\"wpb_wrapper\">\n\t<div  class=\"wpb_single_image wpb_content_element vc_align_left  wpb_animate_when_almost_visible wpb_fadeInLeft fadeInLeft\">\n\t\t\n\t\t<figure class=\"wpb_wrapper vc_figure\">\n\t\t\t<div class=\"vc_single_image-wrapper   vc_box_border_grey\"><img loading=\"lazy\" decoding=\"async\" class=\"vc_single_image-img\" src=\"https:\/\/www.lapoiesa.it\/wp-content\/uploads\/2023\/03\/IMG_5140-scaled-1000x1000.jpg\" width=\"1000\" height=\"1000\" alt=\"IMG_5140\" title=\"IMG_5140\" \/><\/div>\n\t\t<\/figure>\n\t<\/div>\n<div class=\"vc_empty_space\"   style=\"height: 30px\"><span class=\"vc_empty_space_inner\"><\/span><\/div>\n\t<div  class=\"wpb_single_image wpb_content_element vc_align_left  wpb_animate_when_almost_visible wpb_fadeInUp fadeInUp\">\n\t\t\n\t\t<figure class=\"wpb_wrapper vc_figure\">\n\t\t\t<div class=\"vc_single_image-wrapper   vc_box_border_grey\"><img loading=\"lazy\" decoding=\"async\" class=\"vc_single_image-img\" src=\"https:\/\/www.lapoiesa.it\/wp-content\/uploads\/2023\/04\/IMG_20230401_101754-scaled-1000x1000.jpg\" width=\"1000\" height=\"1000\" alt=\"IMG_20230401_101754\" title=\"IMG_20230401_101754\" \/><\/div>\n\t\t<\/figure>\n\t<\/div>\n<\/div><\/div><\/div><\/div><\/div><\/div><\/div><div class=\"wpb_column vc_column_container vc_col-sm-2\"><div class=\"vc_column-inner\"><div class=\"wpb_wrapper\"><div class=\"vc_row wpb_row vc_inner vc_row-fluid\" ><div class=\"wpb_column vc_column_container vc_col-sm-12\"><div class=\"vc_column-inner\"><div class=\"wpb_wrapper\">\n\t<div  class=\"wpb_single_image wpb_content_element vc_align_left  wpb_animate_when_almost_visible wpb_fadeInLeft fadeInLeft\">\n\t\t\n\t\t<figure class=\"wpb_wrapper vc_figure\">\n\t\t\t<div class=\"vc_single_image-wrapper   vc_box_border_grey\"><img loading=\"lazy\" decoding=\"async\" class=\"vc_single_image-img\" src=\"https:\/\/www.lapoiesa.it\/wp-content\/uploads\/2023\/03\/IMG_20210608_155620-scaled-1000x1000.jpg\" width=\"1000\" height=\"1000\" alt=\"IMG_20210608_155620\" title=\"IMG_20210608_155620\" \/><\/div>\n\t\t<\/figure>\n\t<\/div>\n<\/div><\/div><\/div><\/div><div class=\"vc_empty_space\"   style=\"height: 30px\"><span class=\"vc_empty_space_inner\"><\/span><\/div>\n\t<div  class=\"wpb_single_image wpb_content_element vc_align_left  wpb_animate_when_almost_visible wpb_fadeInUp fadeInUp\">\n\t\t\n\t\t<figure class=\"wpb_wrapper vc_figure\">\n\t\t\t<div class=\"vc_single_image-wrapper   vc_box_border_grey\"><img loading=\"lazy\" decoding=\"async\" class=\"vc_single_image-img\" src=\"https:\/\/www.lapoiesa.it\/wp-content\/uploads\/2023\/03\/28052022-DSCF2224-1-1000x1000.jpg\" width=\"1000\" height=\"1000\" alt=\"28052022-DSCF2224\" title=\"28052022-DSCF2224\" \/><\/div>\n\t\t<\/figure>\n\t<\/div>\n<\/div><\/div><\/div><div class=\"wpb_column vc_column_container vc_col-sm-1\"><div class=\"vc_column-inner\"><div class=\"wpb_wrapper\"><\/div><\/div><\/div><\/div><div class=\"vc_row-full-width vc_clearfix\"><\/div><div class=\"vc_row wpb_row vc_row-fluid vc_custom_1678886397619\" ><div class=\"wpb_column vc_column_container vc_col-sm-12\"><div class=\"vc_column-inner\"><div class=\"wpb_wrapper\"><\/div><\/div><\/div><\/div><div data-vc-full-width=\"true\" data-vc-full-width-init=\"false\" data-vc-stretch-content=\"true\" class=\"vc_row wpb_row vc_row-fluid vc_custom_1678886369711 vc_row-has-fill\" ><div class=\"wpb_column vc_column_container vc_col-sm-1\"><div class=\"vc_column-inner\"><div class=\"wpb_wrapper\"><\/div><\/div><\/div><div class=\"wpb_column vc_column_container vc_col-sm-2\"><div class=\"vc_column-inner\"><div class=\"wpb_wrapper\"><div class=\"vc_row wpb_row vc_inner vc_row-fluid\" ><div class=\"wpb_column vc_column_container vc_col-sm-12\"><div class=\"vc_column-inner\"><div class=\"wpb_wrapper\">\n\t<div  class=\"wpb_single_image wpb_content_element vc_align_left  wpb_animate_when_almost_visible wpb_fadeInDown fadeInDown\">\n\t\t\n\t\t<figure class=\"wpb_wrapper vc_figure\">\n\t\t\t<div class=\"vc_single_image-wrapper   vc_box_border_grey\"><img loading=\"lazy\" decoding=\"async\" class=\"vc_single_image-img\" src=\"https:\/\/www.lapoiesa.it\/wp-content\/uploads\/2023\/03\/IMG_20220829_171357-2-scaled-1000x1000.jpg\" width=\"1000\" height=\"1000\" alt=\"IMG_20220829_171357\" title=\"IMG_20220829_171357\" \/><\/div>\n\t\t<\/figure>\n\t<\/div>\n<div class=\"vc_empty_space\"   style=\"height: 30px\"><span class=\"vc_empty_space_inner\"><\/span><\/div>\n\t<div class=\"wpb_raw_code wpb_content_element wpb_raw_html\" >\n\t\t<div class=\"wpb_wrapper\">\n\t\t\t<div class=\"square fadeInDown\">\n  <div class=\"text\">\n    <span>Val Vezzeno, quasi sconosciuta! Il podere Poiesa \u00e8 situato in posizione dominante su questa valle, alle spalle di Carpaneto Piacentino, sulle prime colline dell\u2019appennino Tosco-Emiliano.<\/span>\n  <\/div>\n<\/div>\n\n\t\t<\/div>\n\t<\/div>\n<\/div><\/div><\/div><\/div><\/div><\/div><\/div><div class=\"wpb_column vc_column_container vc_col-sm-4\"><div class=\"vc_column-inner\"><div class=\"wpb_wrapper\"><div class=\"vc_row wpb_row vc_inner vc_row-fluid\" ><div class=\"wpb_column vc_column_container vc_col-sm-12\"><div class=\"vc_column-inner\"><div class=\"wpb_wrapper\">\n\t<div  class=\"wpb_single_image wpb_content_element vc_align_left  wpb_animate_when_almost_visible wpb_fadeInUp fadeInUp\">\n\t\t\n\t\t<figure class=\"wpb_wrapper vc_figure\">\n\t\t\t<div class=\"vc_single_image-wrapper   vc_box_border_grey\"><img loading=\"lazy\" decoding=\"async\" class=\"vc_single_image-img\" src=\"https:\/\/www.lapoiesa.it\/wp-content\/uploads\/2023\/03\/IMG_5123-scaled-1000x1000.jpg\" width=\"1000\" height=\"1000\" alt=\"IMG_5123\" title=\"IMG_5123\" \/><\/div>\n\t\t<\/figure>\n\t<\/div>\n<\/div><\/div><\/div><\/div><\/div><\/div><\/div><div class=\"wpb_column vc_column_container vc_col-sm-2\"><div class=\"vc_column-inner\"><div class=\"wpb_wrapper\"><div class=\"vc_row wpb_row vc_inner vc_row-fluid\" ><div class=\"wpb_column vc_column_container vc_col-sm-12\"><div class=\"vc_column-inner\"><div class=\"wpb_wrapper\">\n\t<div  class=\"wpb_single_image wpb_content_element vc_align_left  wpb_animate_when_almost_visible wpb_fadeInDown fadeInDown\">\n\t\t\n\t\t<figure class=\"wpb_wrapper vc_figure\">\n\t\t\t<div class=\"vc_single_image-wrapper   vc_box_border_grey\"><img loading=\"lazy\" decoding=\"async\" class=\"vc_single_image-img\" src=\"https:\/\/www.lapoiesa.it\/wp-content\/uploads\/2023\/03\/IMG_20210925_110449-scaled-1000x1000.jpg\" width=\"1000\" height=\"1000\" alt=\"IMG_20210925_110449\" title=\"IMG_20210925_110449\" \/><\/div>\n\t\t<\/figure>\n\t<\/div>\n<div class=\"vc_empty_space\"   style=\"height: 30px\"><span class=\"vc_empty_space_inner\"><\/span><\/div>\n\t<div class=\"wpb_raw_code wpb_content_element wpb_raw_html\" >\n\t\t<div class=\"wpb_wrapper\">\n\t\t\t<div class=\"square fadeInDown\">\n  <div class=\"text\">\n    <span>Situata su un podere di propriet\u00e0 della famiglia da sette generazioni, l\u2019azienda agricola \u201cPoiesa\u201d e la vigna sono state lasciate dai bisnonni Filomena e Livio.<\/span>\n  <\/div>\n<\/div>\n\n\t\t<\/div>\n\t<\/div>\n<\/div><\/div><\/div><\/div><\/div><\/div><\/div><div class=\"wpb_column vc_column_container vc_col-sm-2\"><div class=\"vc_column-inner\"><div class=\"wpb_wrapper\"><div class=\"vc_row wpb_row vc_inner vc_row-fluid\" ><div class=\"wpb_column vc_column_container vc_col-sm-12\"><div class=\"vc_column-inner\"><div class=\"wpb_wrapper\">\n\t<div  class=\"wpb_single_image wpb_content_element vc_align_left  wpb_animate_when_almost_visible wpb_fadeInUp fadeInUp\">\n\t\t\n\t\t<figure class=\"wpb_wrapper vc_figure\">\n\t\t\t<div class=\"vc_single_image-wrapper   vc_box_border_grey\"><img loading=\"lazy\" decoding=\"async\" class=\"vc_single_image-img\" src=\"https:\/\/www.lapoiesa.it\/wp-content\/uploads\/2023\/03\/IMG_20220427_125134-scaled-1000x1000.jpg\" width=\"1000\" height=\"1000\" alt=\"IMG_20220427_125134\" title=\"IMG_20220427_125134\" \/><\/div>\n\t\t<\/figure>\n\t<\/div>\n<div class=\"vc_empty_space\"   style=\"height: 30px\"><span class=\"vc_empty_space_inner\"><\/span><\/div>\n\t<div  class=\"wpb_single_image wpb_content_element vc_align_left  wpb_animate_when_almost_visible wpb_fadeInLeft fadeInLeft\">\n\t\t\n\t\t<figure class=\"wpb_wrapper vc_figure\">\n\t\t\t<div class=\"vc_single_image-wrapper   vc_box_border_grey\"><img loading=\"lazy\" decoding=\"async\" class=\"vc_single_image-img\" src=\"https:\/\/www.lapoiesa.it\/wp-content\/uploads\/2023\/03\/IMG_20210909_091103-scaled-1000x1000.jpg\" width=\"1000\" height=\"1000\" alt=\"IMG_20210909_091103\" title=\"IMG_20210909_091103\" \/><\/div>\n\t\t<\/figure>\n\t<\/div>\n<\/div><\/div><\/div><\/div><\/div><\/div><\/div><div class=\"wpb_column vc_column_container vc_col-sm-1\"><div class=\"vc_column-inner\"><div class=\"wpb_wrapper\"><\/div><\/div><\/div><\/div><div class=\"vc_row-full-width vc_clearfix\"><\/div><div class=\"vc_row wpb_row vc_row-fluid vc_custom_1678886397619\" ><div class=\"wpb_column vc_column_container vc_col-sm-12\"><div class=\"vc_column-inner\"><div class=\"wpb_wrapper\"><\/div><\/div><\/div><\/div><div class=\"vc_row wpb_row vc_row-fluid\" ><div class=\"wpb_column vc_column_container vc_col-sm-12\"><div class=\"vc_column-inner\"><div class=\"wpb_wrapper\"><div class=\"vc_empty_space\"   style=\"height: 150px\"><span class=\"vc_empty_space_inner\"><\/span><\/div><\/div><\/div><\/div><\/div>","protected":false},"excerpt":{"rendered":"Far s\u00ec che la propria passione diventi un mestiere e poi uno stile di vita. Nasce cos\u00ec la decisione di lasciare la citt\u00e0 e trasferirsi nel podere di famiglia. Val Vezzeno, quasi sconosciuta! Il podere Poiesa \u00e8 situato in posizione [...]","protected":false},"author":2,"featured_media":0,"parent":0,"menu_order":0,"comment_status":"closed","ping_status":"closed","template":"","meta":{"footnotes":""},"class_list":["post-3514","page","type-page","status-publish","hentry"],"yoast_head":"<!-- This site is optimized with the Yoast SEO plugin v20.5 - https:\/\/yoast.com\/wordpress\/plugins\/seo\/ -->\n<title>La Cantina - La Poiesa<\/title>\n<meta name=\"description\" content=\"La Cantina: Il podere \u00e8 situato sulla Val Vezzeno, alle spalle di Carpaneto Piacentino, sulle prime colline dell\u2019appennino Tosco-Emiliano.\" \/>\n<meta name=\"robots\" content=\"index, follow, max-snippet:-1, max-image-preview:large, max-video-preview:-1\" \/>\n<link rel=\"canonical\" href=\"https:\/\/www.lapoiesa.it\/en\/la-cantina\/\" \/>\n<meta property=\"og:locale\" content=\"en_GB\" \/>\n<meta property=\"og:type\" content=\"article\" \/>\n<meta property=\"og:title\" content=\"La Cantina - La Poiesa\" \/>\n<meta property=\"og:description\" content=\"La Cantina: Il podere \u00e8 situato sulla Val Vezzeno, alle spalle di Carpaneto Piacentino, sulle prime colline dell\u2019appennino Tosco-Emiliano.\" \/>\n<meta property=\"og:url\" content=\"https:\/\/www.lapoiesa.it\/en\/la-cantina\/\" \/>\n<meta property=\"og:site_name\" content=\"La Poiesa\" \/>\n<meta property=\"article:modified_time\" content=\"2023-04-18T14:50:38+00:00\" \/>\n<meta name=\"twitter:card\" content=\"summary_large_image\" \/>\n<meta name=\"twitter:label1\" content=\"Estimated reading time\" \/>\n\t<meta name=\"twitter:data1\" content=\"1 minute\" \/>\n<script type=\"application\/ld+json\" class=\"yoast-schema-graph\">{\"@context\":\"https:\/\/schema.org\",\"@graph\":[{\"@type\":\"WebPage\",\"@id\":\"https:\/\/www.lapoiesa.it\/la-cantina\/\",\"url\":\"https:\/\/www.lapoiesa.it\/la-cantina\/\",\"name\":\"La Cantina - La Poiesa\",\"isPartOf\":{\"@id\":\"https:\/\/www.lapoiesa.it\/#website\"},\"datePublished\":\"2023-03-20T20:31:54+00:00\",\"dateModified\":\"2023-04-18T14:50:38+00:00\",\"description\":\"La Cantina: Il podere \u00e8 situato sulla Val Vezzeno, alle spalle di Carpaneto Piacentino, sulle prime colline dell\u2019appennino Tosco-Emiliano.\",\"breadcrumb\":{\"@id\":\"https:\/\/www.lapoiesa.it\/la-cantina\/#breadcrumb\"},\"inLanguage\":\"en-GB\",\"potentialAction\":[{\"@type\":\"ReadAction\",\"target\":[\"https:\/\/www.lapoiesa.it\/la-cantina\/\"]}]},{\"@type\":\"BreadcrumbList\",\"@id\":\"https:\/\/www.lapoiesa.it\/la-cantina\/#breadcrumb\",\"itemListElement\":[{\"@type\":\"ListItem\",\"position\":1,\"name\":\"Home\",\"item\":\"https:\/\/www.lapoiesa.it\/\"},{\"@type\":\"ListItem\",\"position\":2,\"name\":\"La Cantina\"}]},{\"@type\":\"WebSite\",\"@id\":\"https:\/\/www.lapoiesa.it\/#website\",\"url\":\"https:\/\/www.lapoiesa.it\/\",\"name\":\"La Poiesa\",\"description\":\"\",\"potentialAction\":[{\"@type\":\"SearchAction\",\"target\":{\"@type\":\"EntryPoint\",\"urlTemplate\":\"https:\/\/www.lapoiesa.it\/?s={search_term_string}\"},\"query-input\":\"required name=search_term_string\"}],\"inLanguage\":\"en-GB\"}]}<\/script>\n<!-- \/ Yoast SEO plugin. -->","yoast_head_json":{"title":"La Cantina - La Poiesa","description":"La Cantina: Il podere \u00e8 situato sulla Val Vezzeno, alle spalle di Carpaneto Piacentino, sulle prime colline dell\u2019appennino Tosco-Emiliano.","robots":{"index":"index","follow":"follow","max-snippet":"max-snippet:-1","max-image-preview":"max-image-preview:large","max-video-preview":"max-video-preview:-1"},"canonical":"https:\/\/www.lapoiesa.it\/en\/la-cantina\/","og_locale":"en_GB","og_type":"article","og_title":"La Cantina - La Poiesa","og_description":"La Cantina: Il podere \u00e8 situato sulla Val Vezzeno, alle spalle di Carpaneto Piacentino, sulle prime colline dell\u2019appennino Tosco-Emiliano.","og_url":"https:\/\/www.lapoiesa.it\/en\/la-cantina\/","og_site_name":"La Poiesa","article_modified_time":"2023-04-18T14:50:38+00:00","twitter_card":"summary_large_image","twitter_misc":{"Estimated reading time":"1 minute"},"schema":{"@context":"https:\/\/schema.org","@graph":[{"@type":"WebPage","@id":"https:\/\/www.lapoiesa.it\/la-cantina\/","url":"https:\/\/www.lapoiesa.it\/la-cantina\/","name":"La Cantina - La Poiesa","isPartOf":{"@id":"https:\/\/www.lapoiesa.it\/#website"},"datePublished":"2023-03-20T20:31:54+00:00","dateModified":"2023-04-18T14:50:38+00:00","description":"La Cantina: Il podere \u00e8 situato sulla Val Vezzeno, alle spalle di Carpaneto Piacentino, sulle prime colline dell\u2019appennino Tosco-Emiliano.","breadcrumb":{"@id":"https:\/\/www.lapoiesa.it\/la-cantina\/#breadcrumb"},"inLanguage":"en-GB","potentialAction":[{"@type":"ReadAction","target":["https:\/\/www.lapoiesa.it\/la-cantina\/"]}]},{"@type":"BreadcrumbList","@id":"https:\/\/www.lapoiesa.it\/la-cantina\/#breadcrumb","itemListElement":[{"@type":"ListItem","position":1,"name":"Home","item":"https:\/\/www.lapoiesa.it\/"},{"@type":"ListItem","position":2,"name":"La Cantina"}]},{"@type":"WebSite","@id":"https:\/\/www.lapoiesa.it\/#website","url":"https:\/\/www.lapoiesa.it\/","name":"La Poiesa","description":"","potentialAction":[{"@type":"SearchAction","target":{"@type":"EntryPoint","urlTemplate":"https:\/\/www.lapoiesa.it\/?s={search_term_string}"},"query-input":"required name=search_term_string"}],"inLanguage":"en-GB"}]}},"_links":{"self":[{"href":"https:\/\/www.lapoiesa.it\/en\/wp-json\/wp\/v2\/pages\/3514","targetHints":{"allow":["GET"]}}],"collection":[{"href":"https:\/\/www.lapoiesa.it\/en\/wp-json\/wp\/v2\/pages"}],"about":[{"href":"https:\/\/www.lapoiesa.it\/en\/wp-json\/wp\/v2\/types\/page"}],"author":[{"embeddable":true,"href":"https:\/\/www.lapoiesa.it\/en\/wp-json\/wp\/v2\/users\/2"}],"replies":[{"embeddable":true,"href":"https:\/\/www.lapoiesa.it\/en\/wp-json\/wp\/v2\/comments?post=3514"}],"version-history":[{"count":81,"href":"https:\/\/www.lapoiesa.it\/en\/wp-json\/wp\/v2\/pages\/3514\/revisions"}],"predecessor-version":[{"id":4078,"href":"https:\/\/www.lapoiesa.it\/en\/wp-json\/wp\/v2\/pages\/3514\/revisions\/4078"}],"wp:attachment":[{"href":"https:\/\/www.lapoiesa.it\/en\/wp-json\/wp\/v2\/media?parent=3514"}],"curies":[{"name":"wp","href":"https:\/\/api.w.org\/{rel}","templated":true}]}}